{"id":70,"date":"2021-01-28T18:13:31","date_gmt":"2021-01-28T18:13:31","guid":{"rendered":"http:\/\/percusionecuador.com\/?page_id=70"},"modified":"2021-08-01T13:50:55","modified_gmt":"2021-08-01T13:50:55","slug":"acerca","status":"publish","type":"page","link":"https:\/\/percusionecuador.com\/index.php\/acerca\/","title":{"rendered":"Acerca"},"content":{"rendered":"\t\t<div data-elementor-type=\"wp-page\" data-elementor-id=\"70\" class=\"elementor elementor-70\" data-elementor-settings=\"[]\">\n\t\t\t\t\t\t<div class=\"elementor-inner\">\n\t\t\t\t\t\t\t<div class=\"elementor-section-wrap\">\n\t\t\t\t\t\t\t<section class=\"elementor-section elementor-top-section elementor-element elementor-element-1e2cdc5c elementor-section-boxed elementor-section-height-default elementor-section-height-default\" data-id=\"1e2cdc5c\" data-element_type=\"section\" data-settings=\"{&quot;background_background&quot;:&quot;classic&quot;}\">\n\t\t\t\t\t\t<div class=\"elementor-container elementor-column-gap-default\">\n\t\t\t\t\t\t\t<div class=\"elementor-row\">\n\t\t\t\t\t<div class=\"elementor-column elementor-col-100 elementor-top-column elementor-element elementor-element-12456b9d\" data-id=\"12456b9d\" data-element_type=\"column\">\n\t\t\t<div class=\"elementor-column-wrap elementor-element-populated\">\n\t\t\t\t\t\t\t<div class=\"elementor-widget-wrap\">\n\t\t\t\t\t\t<div class=\"elementor-element elementor-element-2dce67f0 elementor-widget elementor-widget-heading\" data-id=\"2dce67f0\" data-element_type=\"widget\" data-widget_type=\"heading.default\">\n\t\t\t\t<div class=\"elementor-widget-container\">\n\t\t\t<h1 class=\"elementor-heading-title elementor-size-large\">Sobre nosotoros<\/h1>\t\t<\/div>\n\t\t\t\t<\/div>\n\t\t\t\t<div class=\"elementor-element elementor-element-75a10898 elementor-widget elementor-widget-text-editor\" data-id=\"75a10898\" data-element_type=\"widget\" data-widget_type=\"text-editor.default\">\n\t\t\t\t<div class=\"elementor-widget-container\">\n\t\t\t\t\t<div class=\"elementor-text-editor elementor-clearfix\"><p class=\"font_8\"><strong><span class=\"color_23\">Nos establecimos en el a\u00f1o 2011, siendo la primera tienda ecuatoriana especializada en accesorios para percusionistas que busca brindar el mejor servicio con las mejores marcas nacionales e internacionales. <\/span><\/strong><\/p><p class=\"font_8\"><strong><span class=\"color_23\">Tambi\u00e9n abarcamos el \u00e1mbito educativo a trav\u00e9s del cual ofrecemos educaci\u00f3n continua con certificaciones y clases para percusionistas, bateristas, educadores y m\u00fasicos en general. Contamos con el aval del Centro de Estudios Mari\u00e1tegui quien tiene acuerdo del MEC 1965.<\/span><\/strong><\/p><p><strong>Hemos sido part\u00edcipes de grandes festivales de percusi\u00f3n en el Ecuador como el Festival Internacional de Percusi\u00f3n, Ecuador Drum Fest, Drum Off, Bata Fest, Bataka Fest, donde nuestra intervenci\u00f3n ha sido como expositores en Percusi\u00f3n Corporal y con nuestro booth de accesorios e instrumentos.<\/strong><\/p><p class=\"font_8\">\u00a0<\/p><p class=\"font_8\">\u00a0<\/p><\/div>\n\t\t\t\t<\/div>\n\t\t\t\t<\/div>\n\t\t\t\t<div class=\"elementor-element elementor-element-c610869 elementor-aspect-ratio-169 elementor-widget elementor-widget-video\" data-id=\"c610869\" data-element_type=\"widget\" data-settings=\"{&quot;aspect_ratio&quot;:&quot;169&quot;}\" data-widget_type=\"video.default\">\n\t\t\t\t<div class=\"elementor-widget-container\">\n\t\t\t\t\t<div class=\"elementor-wrapper elementor-fit-aspect-ratio elementor-open-inline\">\n\t\t\t<iframe class=\"elementor-video-iframe\" allowfullscreen title=\"youtube Video Player\" src=\"https:\/\/www.youtube.com\/embed\/DHYq5KKkbcs?feature=oembed&amp;autoplay=1&amp;start&amp;end&amp;wmode=opaque&amp;loop=0&amp;controls=1&amp;mute=0&amp;rel=1&amp;modestbranding=0\"><\/iframe>\t\t<\/div>\n\t\t\t\t<\/div>\n\t\t\t\t<\/div>\n\t\t\t\t\t\t<\/div>\n\t\t\t\t\t<\/div>\n\t\t<\/div>\n\t\t\t\t\t\t\t\t<\/div>\n\t\t\t\t\t<\/div>\n\t\t<\/section>\n\t\t\t\t<section class=\"elementor-section elementor-top-section elementor-element elementor-element-4f48b0e3 elementor-section-boxed elementor-section-height-default elementor-section-height-default\" data-id=\"4f48b0e3\" data-element_type=\"section\" data-settings=\"{&quot;background_background&quot;:&quot;classic&quot;}\">\n\t\t\t\t\t\t<div class=\"elementor-container elementor-column-gap-default\">\n\t\t\t\t\t\t\t<div class=\"elementor-row\">\n\t\t\t\t\t<div class=\"elementor-column elementor-col-100 elementor-top-column elementor-element elementor-element-857dc31\" data-id=\"857dc31\" data-element_type=\"column\">\n\t\t\t<div class=\"elementor-column-wrap elementor-element-populated\">\n\t\t\t\t\t\t\t<div class=\"elementor-widget-wrap\">\n\t\t\t\t\t\t<div class=\"elementor-element elementor-element-5091fba5 elementor-widget elementor-widget-heading\" data-id=\"5091fba5\" data-element_type=\"widget\" data-widget_type=\"heading.default\">\n\t\t\t\t<div class=\"elementor-widget-container\">\n\t\t\t<h3 class=\"elementor-heading-title elementor-size-large\"><a href=\"https:\/\/wa.me\/message\/U27ZQZTKPMRHE1\">Recibir noticias<\/a><\/h3>\t\t<\/div>\n\t\t\t\t<\/div>\n\t\t\t\t<div class=\"elementor-element elementor-element-7ca8986 elementor-view-default elementor-widget elementor-widget-icon\" data-id=\"7ca8986\" data-element_type=\"widget\" data-widget_type=\"icon.default\">\n\t\t\t\t<div class=\"elementor-widget-container\">\n\t\t\t\t\t<div class=\"elementor-icon-wrapper\">\n\t\t\t<a class=\"elementor-icon\" href=\"https:\/\/percusionecuador.com\/index.php\/contacto\/\">\n\t\t\t<i aria-hidden=\"true\" class=\"fas fa-check-circle\"><\/i>\t\t\t<\/a>\n\t\t<\/div>\n\t\t\t\t<\/div>\n\t\t\t\t<\/div>\n\t\t\t\t\t\t<\/div>\n\t\t\t\t\t<\/div>\n\t\t<\/div>\n\t\t\t\t\t\t\t\t<\/div>\n\t\t\t\t\t<\/div>\n\t\t<\/section>\n\t\t\t\t<section class=\"elementor-section elementor-top-section elementor-element elementor-element-449a8c7b elementor-section-content-middle elementor-section-boxed elementor-section-height-default elementor-section-height-default\" data-id=\"449a8c7b\" data-element_type=\"section\">\n\t\t\t\t\t\t<div class=\"elementor-container elementor-column-gap-default\">\n\t\t\t\t\t\t\t<div class=\"elementor-row\">\n\t\t\t\t\t<div class=\"elementor-column elementor-col-50 elementor-top-column elementor-element elementor-element-3bf62d56\" data-id=\"3bf62d56\" data-element_type=\"column\">\n\t\t\t<div class=\"elementor-column-wrap elementor-element-populated\">\n\t\t\t\t\t\t\t<div class=\"elementor-widget-wrap\">\n\t\t\t\t\t\t<div class=\"elementor-element elementor-element-484dd2a elementor-widget elementor-widget-heading\" data-id=\"484dd2a\" data-element_type=\"widget\" data-widget_type=\"heading.default\">\n\t\t\t\t<div class=\"elementor-widget-container\">\n\t\t\t<h3 class=\"elementor-heading-title elementor-size-large\">Certificaci\u00f3n Percusi\u00f3n Corporal<\/h3>\t\t<\/div>\n\t\t\t\t<\/div>\n\t\t\t\t<div class=\"elementor-element elementor-element-69782346 elementor-widget elementor-widget-text-editor\" data-id=\"69782346\" data-element_type=\"widget\" data-widget_type=\"text-editor.default\">\n\t\t\t\t<div class=\"elementor-widget-container\">\n\t\t\t\t\t<div class=\"elementor-text-editor elementor-clearfix\"><p>Ofrecemos un programa de tres meses donde obtendr\u00e1s herramientas \u00fatiles para aplicar la percusi\u00f3n corporal en contextos interpretativos, educativos y recreativos.<\/p><p>\u00a0<\/p><\/div>\n\t\t\t\t<\/div>\n\t\t\t\t<\/div>\n\t\t\t\t\t\t<\/div>\n\t\t\t\t\t<\/div>\n\t\t<\/div>\n\t\t\t\t<div class=\"elementor-column elementor-col-50 elementor-top-column elementor-element elementor-element-643a7062\" data-id=\"643a7062\" data-element_type=\"column\">\n\t\t\t<div class=\"elementor-column-wrap elementor-element-populated\">\n\t\t\t\t\t\t\t<div class=\"elementor-widget-wrap\">\n\t\t\t\t\t\t<div class=\"elementor-element elementor-element-2a3e8227 elementor-widget elementor-widget-image\" data-id=\"2a3e8227\" data-element_type=\"widget\" data-widget_type=\"image.default\">\n\t\t\t\t<div class=\"elementor-widget-container\">\n\t\t\t\t\t<div class=\"elementor-image\">\n\t\t\t\t\t\t\t\t\t\t<img width=\"765\" height=\"394\" src=\"https:\/\/percusionecuador.com\/wp-content\/uploads\/2021\/01\/Captura-de-pantalla-2019-01-03-a-las-3.36.24-p.m..png\" class=\"attachment-full size-full\" alt=\"\" loading=\"lazy\" srcset=\"https:\/\/percusionecuador.com\/wp-content\/uploads\/2021\/01\/Captura-de-pantalla-2019-01-03-a-las-3.36.24-p.m..png 765w, https:\/\/percusionecuador.com\/wp-content\/uploads\/2021\/01\/Captura-de-pantalla-2019-01-03-a-las-3.36.24-p.m.-300x155.png 300w\" sizes=\"(max-width: 765px) 100vw, 765px\" \/>\t\t\t\t\t\t\t\t\t\t\t<\/div>\n\t\t\t\t<\/div>\n\t\t\t\t<\/div>\n\t\t\t\t\t\t<\/div>\n\t\t\t\t\t<\/div>\n\t\t<\/div>\n\t\t\t\t\t\t\t\t<\/div>\n\t\t\t\t\t<\/div>\n\t\t<\/section>\n\t\t\t\t<section class=\"elementor-section elementor-top-section elementor-element elementor-element-3299d728 elementor-section-content-middle elementor-reverse-mobile elementor-section-boxed elementor-section-height-default elementor-section-height-default\" data-id=\"3299d728\" data-element_type=\"section\">\n\t\t\t\t\t\t<div class=\"elementor-container elementor-column-gap-default\">\n\t\t\t\t\t\t\t<div class=\"elementor-row\">\n\t\t\t\t\t<div class=\"elementor-column elementor-col-50 elementor-top-column elementor-element elementor-element-3e51d643\" data-id=\"3e51d643\" data-element_type=\"column\">\n\t\t\t<div class=\"elementor-column-wrap elementor-element-populated\">\n\t\t\t\t\t\t\t<div class=\"elementor-widget-wrap\">\n\t\t\t\t\t\t<div class=\"elementor-element elementor-element-e0b9f57 elementor-widget elementor-widget-image\" data-id=\"e0b9f57\" data-element_type=\"widget\" data-widget_type=\"image.default\">\n\t\t\t\t<div class=\"elementor-widget-container\">\n\t\t\t\t\t<div class=\"elementor-image\">\n\t\t\t\t\t\t\t\t\t\t<img width=\"1080\" height=\"720\" src=\"https:\/\/percusionecuador.com\/wp-content\/uploads\/2021\/01\/WhatsApp-Image-2021-01-28-at-10.48.41-AM.jpeg\" class=\"attachment-full size-full\" alt=\"\" loading=\"lazy\" srcset=\"https:\/\/percusionecuador.com\/wp-content\/uploads\/2021\/01\/WhatsApp-Image-2021-01-28-at-10.48.41-AM.jpeg 1080w, https:\/\/percusionecuador.com\/wp-content\/uploads\/2021\/01\/WhatsApp-Image-2021-01-28-at-10.48.41-AM-300x200.jpeg 300w, https:\/\/percusionecuador.com\/wp-content\/uploads\/2021\/01\/WhatsApp-Image-2021-01-28-at-10.48.41-AM-1024x683.jpeg 1024w, https:\/\/percusionecuador.com\/wp-content\/uploads\/2021\/01\/WhatsApp-Image-2021-01-28-at-10.48.41-AM-768x512.jpeg 768w\" sizes=\"(max-width: 1080px) 100vw, 1080px\" \/>\t\t\t\t\t\t\t\t\t\t\t<\/div>\n\t\t\t\t<\/div>\n\t\t\t\t<\/div>\n\t\t\t\t\t\t<\/div>\n\t\t\t\t\t<\/div>\n\t\t<\/div>\n\t\t\t\t<div class=\"elementor-column elementor-col-50 elementor-top-column elementor-element elementor-element-5e20645b\" data-id=\"5e20645b\" data-element_type=\"column\">\n\t\t\t<div class=\"elementor-column-wrap elementor-element-populated\">\n\t\t\t\t\t\t\t<div class=\"elementor-widget-wrap\">\n\t\t\t\t\t\t<div class=\"elementor-element elementor-element-6e1de0a8 elementor-widget elementor-widget-heading\" data-id=\"6e1de0a8\" data-element_type=\"widget\" data-widget_type=\"heading.default\">\n\t\t\t\t<div class=\"elementor-widget-container\">\n\t\t\t<h3 class=\"elementor-heading-title elementor-size-large\">Certificaci\u00f3n en Bater\u00eda<\/h3>\t\t<\/div>\n\t\t\t\t<\/div>\n\t\t\t\t<div class=\"elementor-element elementor-element-2525b396 elementor-widget elementor-widget-text-editor\" data-id=\"2525b396\" data-element_type=\"widget\" data-widget_type=\"text-editor.default\">\n\t\t\t\t<div class=\"elementor-widget-container\">\n\t\t\t\t\t<div class=\"elementor-text-editor elementor-clearfix\"><p>Dise\u00f1amos varias opciones que se abren en el transcurso del a\u00f1o, con un programa de tres meses, pensado en fortalecer tus conocimientos.<\/p><\/div>\n\t\t\t\t<\/div>\n\t\t\t\t<\/div>\n\t\t\t\t\t\t<\/div>\n\t\t\t\t\t<\/div>\n\t\t<\/div>\n\t\t\t\t\t\t\t\t<\/div>\n\t\t\t\t\t<\/div>\n\t\t<\/section>\n\t\t\t\t<section class=\"elementor-section elementor-top-section elementor-element elementor-element-cfc6a2d elementor-section-content-middle elementor-section-boxed elementor-section-height-default elementor-section-height-default\" data-id=\"cfc6a2d\" data-element_type=\"section\" data-settings=\"{&quot;background_background&quot;:&quot;classic&quot;}\">\n\t\t\t\t\t\t<div class=\"elementor-container elementor-column-gap-default\">\n\t\t\t\t\t\t\t<div class=\"elementor-row\">\n\t\t\t\t\t<div class=\"elementor-column elementor-col-50 elementor-top-column elementor-element elementor-element-4f53c261\" data-id=\"4f53c261\" data-element_type=\"column\">\n\t\t\t<div class=\"elementor-column-wrap elementor-element-populated\">\n\t\t\t\t\t\t\t<div class=\"elementor-widget-wrap\">\n\t\t\t\t\t\t<div class=\"elementor-element elementor-element-5270bb06 elementor-widget elementor-widget-heading\" data-id=\"5270bb06\" data-element_type=\"widget\" data-widget_type=\"heading.default\">\n\t\t\t\t<div class=\"elementor-widget-container\">\n\t\t\t<h3 class=\"elementor-heading-title elementor-size-large\">Accesorios de percusi\u00f3n<\/h3>\t\t<\/div>\n\t\t\t\t<\/div>\n\t\t\t\t<div class=\"elementor-element elementor-element-24079456 elementor-widget elementor-widget-text-editor\" data-id=\"24079456\" data-element_type=\"widget\" data-widget_type=\"text-editor.default\">\n\t\t\t\t<div class=\"elementor-widget-container\">\n\t\t\t\t\t<div class=\"elementor-text-editor elementor-clearfix\"><p>Te ofrecemos art\u00edculos que van desde baquetas hasta libros, pasando por platillos, estuches y m\u00e1s&#8230;<\/p><\/div>\n\t\t\t\t<\/div>\n\t\t\t\t<\/div>\n\t\t\t\t\t\t<\/div>\n\t\t\t\t\t<\/div>\n\t\t<\/div>\n\t\t\t\t<div class=\"elementor-column elementor-col-50 elementor-top-column elementor-element elementor-element-445bd390\" data-id=\"445bd390\" data-element_type=\"column\">\n\t\t\t<div class=\"elementor-column-wrap elementor-element-populated\">\n\t\t\t\t\t\t\t<div class=\"elementor-widget-wrap\">\n\t\t\t\t\t\t<div class=\"elementor-element elementor-element-44efbaf7 elementor-widget elementor-widget-image\" data-id=\"44efbaf7\" data-element_type=\"widget\" data-widget_type=\"image.default\">\n\t\t\t\t<div class=\"elementor-widget-container\">\n\t\t\t\t\t<div class=\"elementor-image\">\n\t\t\t\t\t\t\t\t\t\t<img width=\"1229\" height=\"871\" src=\"https:\/\/percusionecuador.com\/wp-content\/uploads\/2021\/01\/Captura-de-Pantalla-2021-01-28-a-las-16.53.03.png\" class=\"attachment-full size-full\" alt=\"\" loading=\"lazy\" srcset=\"https:\/\/percusionecuador.com\/wp-content\/uploads\/2021\/01\/Captura-de-Pantalla-2021-01-28-a-las-16.53.03.png 1229w, https:\/\/percusionecuador.com\/wp-content\/uploads\/2021\/01\/Captura-de-Pantalla-2021-01-28-a-las-16.53.03-300x213.png 300w, https:\/\/percusionecuador.com\/wp-content\/uploads\/2021\/01\/Captura-de-Pantalla-2021-01-28-a-las-16.53.03-1024x726.png 1024w, https:\/\/percusionecuador.com\/wp-content\/uploads\/2021\/01\/Captura-de-Pantalla-2021-01-28-a-las-16.53.03-768x544.png 768w\" sizes=\"(max-width: 1229px) 100vw, 1229px\" \/>\t\t\t\t\t\t\t\t\t\t\t<\/div>\n\t\t\t\t<\/div>\n\t\t\t\t<\/div>\n\t\t\t\t\t\t<\/div>\n\t\t\t\t\t<\/div>\n\t\t<\/div>\n\t\t\t\t\t\t\t\t<\/div>\n\t\t\t\t\t<\/div>\n\t\t<\/section>\n\t\t\t\t<section class=\"elementor-section elementor-top-section elementor-element elementor-element-7677915a elementor-section-boxed elementor-section-height-default elementor-section-height-default\" data-id=\"7677915a\" data-element_type=\"section\" data-settings=\"{&quot;background_background&quot;:&quot;classic&quot;}\">\n\t\t\t\t\t\t<div class=\"elementor-container elementor-column-gap-default\">\n\t\t\t\t\t\t\t<div class=\"elementor-row\">\n\t\t\t\t\t<div class=\"elementor-column elementor-col-100 elementor-top-column elementor-element elementor-element-41833abf\" data-id=\"41833abf\" data-element_type=\"column\">\n\t\t\t<div class=\"elementor-column-wrap elementor-element-populated\">\n\t\t\t\t\t\t\t<div class=\"elementor-widget-wrap\">\n\t\t\t\t\t\t<div class=\"elementor-element elementor-element-3b2ab68a elementor-widget elementor-widget-heading\" data-id=\"3b2ab68a\" data-element_type=\"widget\" data-widget_type=\"heading.default\">\n\t\t\t\t<div class=\"elementor-widget-container\">\n\t\t\t<h3 class=\"elementor-heading-title elementor-size-large\">Con\u00f3cenos<\/h3>\t\t<\/div>\n\t\t\t\t<\/div>\n\t\t\t\t<div class=\"elementor-element elementor-element-53fba0ae elementor-widget elementor-widget-text-editor\" data-id=\"53fba0ae\" data-element_type=\"widget\" data-widget_type=\"text-editor.default\">\n\t\t\t\t<div class=\"elementor-widget-container\">\n\t\t\t\t\t<div class=\"elementor-text-editor elementor-clearfix\"><p>Cada miembro de nuestro equipo est\u00e1 preparado al m\u00e1ximo para entregarte lo mejor.<\/p><\/div>\n\t\t\t\t<\/div>\n\t\t\t\t<\/div>\n\t\t\t\t<section class=\"elementor-section elementor-inner-section elementor-element elementor-element-6e224724 elementor-section-boxed elementor-section-height-default elementor-section-height-default\" data-id=\"6e224724\" data-element_type=\"section\">\n\t\t\t\t\t\t<div class=\"elementor-container elementor-column-gap-default\">\n\t\t\t\t\t\t\t<div class=\"elementor-row\">\n\t\t\t\t\t<div class=\"elementor-column elementor-col-50 elementor-inner-column elementor-element elementor-element-79fc084b\" data-id=\"79fc084b\" data-element_type=\"column\">\n\t\t\t<div class=\"elementor-column-wrap elementor-element-populated\">\n\t\t\t\t\t\t\t<div class=\"elementor-widget-wrap\">\n\t\t\t\t\t\t<div class=\"elementor-element elementor-element-55b1ec9d elementor-position-top elementor-vertical-align-top elementor-widget elementor-widget-image-box\" data-id=\"55b1ec9d\" data-element_type=\"widget\" data-widget_type=\"image-box.default\">\n\t\t\t\t<div class=\"elementor-widget-container\">\n\t\t\t<div class=\"elementor-image-box-wrapper\"><figure class=\"elementor-image-box-img\"><img width=\"768\" height=\"565\" src=\"https:\/\/percusionecuador.com\/wp-content\/uploads\/2021\/01\/67562718_10156105502632407_8569714714899120128_n_edited-768x565.jpg\" class=\"attachment-medium_large size-medium_large\" alt=\"\" loading=\"lazy\" srcset=\"https:\/\/percusionecuador.com\/wp-content\/uploads\/2021\/01\/67562718_10156105502632407_8569714714899120128_n_edited-768x565.jpg 768w, https:\/\/percusionecuador.com\/wp-content\/uploads\/2021\/01\/67562718_10156105502632407_8569714714899120128_n_edited-300x221.jpg 300w, https:\/\/percusionecuador.com\/wp-content\/uploads\/2021\/01\/67562718_10156105502632407_8569714714899120128_n_edited.jpg 881w\" sizes=\"(max-width: 768px) 100vw, 768px\" \/><\/figure><div class=\"elementor-image-box-content\"><h3 class=\"elementor-image-box-title\">Lenin Izquierdo Mu\u00f1oz<\/h3><p class=\"elementor-image-box-description\">Docente \/ Ventas.<\/p><\/div><\/div>\t\t<\/div>\n\t\t\t\t<\/div>\n\t\t\t\t\t\t<\/div>\n\t\t\t\t\t<\/div>\n\t\t<\/div>\n\t\t\t\t<div class=\"elementor-column elementor-col-50 elementor-inner-column elementor-element elementor-element-548ec095\" data-id=\"548ec095\" data-element_type=\"column\">\n\t\t\t<div class=\"elementor-column-wrap elementor-element-populated\">\n\t\t\t\t\t\t\t<div class=\"elementor-widget-wrap\">\n\t\t\t\t\t\t<div class=\"elementor-element elementor-element-280c30db elementor-position-top elementor-vertical-align-top elementor-widget elementor-widget-image-box\" data-id=\"280c30db\" data-element_type=\"widget\" data-widget_type=\"image-box.default\">\n\t\t\t\t<div class=\"elementor-widget-container\">\n\t\t\t<div class=\"elementor-image-box-wrapper\"><figure class=\"elementor-image-box-img\"><img width=\"558\" height=\"556\" src=\"https:\/\/percusionecuador.com\/wp-content\/uploads\/2021\/01\/46409598_10156186397767734_2742818135869489152_n.jpg\" class=\"attachment-medium_large size-medium_large\" alt=\"\" loading=\"lazy\" srcset=\"https:\/\/percusionecuador.com\/wp-content\/uploads\/2021\/01\/46409598_10156186397767734_2742818135869489152_n.jpg 558w, https:\/\/percusionecuador.com\/wp-content\/uploads\/2021\/01\/46409598_10156186397767734_2742818135869489152_n-300x300.jpg 300w, https:\/\/percusionecuador.com\/wp-content\/uploads\/2021\/01\/46409598_10156186397767734_2742818135869489152_n-150x150.jpg 150w\" sizes=\"(max-width: 558px) 100vw, 558px\" \/><\/figure><div class=\"elementor-image-box-content\"><h3 class=\"elementor-image-box-title\">Sergio Reggiani<\/h3><p class=\"elementor-image-box-description\">Docente \/ Desarrollador de certificaciones.<\/p><\/div><\/div>\t\t<\/div>\n\t\t\t\t<\/div>\n\t\t\t\t\t\t<\/div>\n\t\t\t\t\t<\/div>\n\t\t<\/div>\n\t\t\t\t\t\t\t\t<\/div>\n\t\t\t\t\t<\/div>\n\t\t<\/section>\n\t\t\t\t\t\t<\/div>\n\t\t\t\t\t<\/div>\n\t\t<\/div>\n\t\t\t\t\t\t\t\t<\/div>\n\t\t\t\t\t<\/div>\n\t\t<\/section>\n\t\t\t\t\t\t<\/div>\n\t\t\t\t\t\t<\/div>\n\t\t\t\t\t<\/div>\n\t\t","protected":false},"excerpt":{"rendered":"<p>Sobre nosotoros Nos establecimos en el a\u00f1o 2011, siendo la primera tienda ecuatoriana especializada en accesorios para percusionistas que busca brindar el mejor servicio con las mejores marcas nacionales e internacionales. Tambi\u00e9n abarcamos el \u00e1mbito educativo a trav\u00e9s del cual ofrecemos educaci\u00f3n continua con certificaciones y clases para percusionistas, bateristas, educadores y m\u00fasicos en general. [&hellip;]<\/p>\n","protected":false},"author":1,"featured_media":0,"parent":0,"menu_order":0,"comment_status":"closed","ping_status":"closed","template":"","meta":[],"yoast_head":"<!-- This site is optimized with the Yoast SEO plugin v15.6.2 - https:\/\/yoast.com\/wordpress\/plugins\/seo\/ -->\n<title>Acerca -<\/title>\n<meta name=\"robots\" content=\"index, follow, max-snippet:-1, max-image-preview:large, max-video-preview:-1\" \/>\n<link rel=\"canonical\" href=\"https:\/\/percusionecuador.com\/index.php\/acerca\/\" \/>\n<meta property=\"og:locale\" content=\"en_US\" \/>\n<meta property=\"og:type\" content=\"article\" \/>\n<meta property=\"og:title\" content=\"Acerca -\" \/>\n<meta property=\"og:description\" content=\"Sobre nosotoros Nos establecimos en el a\u00f1o 2011, siendo la primera tienda ecuatoriana especializada en accesorios para percusionistas que busca brindar el mejor servicio con las mejores marcas nacionales e internacionales. Tambi\u00e9n abarcamos el \u00e1mbito educativo a trav\u00e9s del cual ofrecemos educaci\u00f3n continua con certificaciones y clases para percusionistas, bateristas, educadores y m\u00fasicos en general. [&hellip;]\" \/>\n<meta property=\"og:url\" content=\"https:\/\/percusionecuador.com\/index.php\/acerca\/\" \/>\n<meta property=\"article:modified_time\" content=\"2021-08-01T13:50:55+00:00\" \/>\n<meta property=\"og:image\" content=\"http:\/\/percusionecuador.com\/wp-content\/uploads\/2021\/01\/Captura-de-pantalla-2019-01-03-a-las-3.36.24-p.m..png\" \/>\n<meta name=\"twitter:card\" content=\"summary_large_image\" \/>\n<meta name=\"twitter:label1\" content=\"Est. reading time\">\n\t<meta name=\"twitter:data1\" content=\"2 minutes\">\n<script type=\"application\/ld+json\" class=\"yoast-schema-graph\">{\"@context\":\"https:\/\/schema.org\",\"@graph\":[{\"@type\":\"WebSite\",\"@id\":\"https:\/\/percusionecuador.com\/#website\",\"url\":\"https:\/\/percusionecuador.com\/\",\"name\":\"\",\"description\":\"\",\"potentialAction\":[{\"@type\":\"SearchAction\",\"target\":\"https:\/\/percusionecuador.com\/?s={search_term_string}\",\"query-input\":\"required name=search_term_string\"}],\"inLanguage\":\"en-US\"},{\"@type\":\"ImageObject\",\"@id\":\"https:\/\/percusionecuador.com\/index.php\/acerca\/#primaryimage\",\"inLanguage\":\"en-US\",\"url\":\"http:\/\/percusionecuador.com\/wp-content\/uploads\/2021\/01\/Captura-de-pantalla-2019-01-03-a-las-3.36.24-p.m..png\"},{\"@type\":\"WebPage\",\"@id\":\"https:\/\/percusionecuador.com\/index.php\/acerca\/#webpage\",\"url\":\"https:\/\/percusionecuador.com\/index.php\/acerca\/\",\"name\":\"Acerca -\",\"isPartOf\":{\"@id\":\"https:\/\/percusionecuador.com\/#website\"},\"primaryImageOfPage\":{\"@id\":\"https:\/\/percusionecuador.com\/index.php\/acerca\/#primaryimage\"},\"datePublished\":\"2021-01-28T18:13:31+00:00\",\"dateModified\":\"2021-08-01T13:50:55+00:00\",\"inLanguage\":\"en-US\",\"potentialAction\":[{\"@type\":\"ReadAction\",\"target\":[\"https:\/\/percusionecuador.com\/index.php\/acerca\/\"]}]}]}<\/script>\n<!-- \/ Yoast SEO plugin. -->","_links":{"self":[{"href":"https:\/\/percusionecuador.com\/index.php\/wp-json\/wp\/v2\/pages\/70"}],"collection":[{"href":"https:\/\/percusionecuador.com\/index.php\/wp-json\/wp\/v2\/pages"}],"about":[{"href":"https:\/\/percusionecuador.com\/index.php\/wp-json\/wp\/v2\/types\/page"}],"author":[{"embeddable":true,"href":"https:\/\/percusionecuador.com\/index.php\/wp-json\/wp\/v2\/users\/1"}],"replies":[{"embeddable":true,"href":"https:\/\/percusionecuador.com\/index.php\/wp-json\/wp\/v2\/comments?post=70"}],"version-history":[{"count":44,"href":"https:\/\/percusionecuador.com\/index.php\/wp-json\/wp\/v2\/pages\/70\/revisions"}],"predecessor-version":[{"id":465,"href":"https:\/\/percusionecuador.com\/index.php\/wp-json\/wp\/v2\/pages\/70\/revisions\/465"}],"wp:attachment":[{"href":"https:\/\/percusionecuador.com\/index.php\/wp-json\/wp\/v2\/media?parent=70"}],"curies":[{"name":"wp","href":"https:\/\/api.w.org\/{rel}","templated":true}]}}